{"id":2708,"date":"2018-03-16T10:50:48","date_gmt":"2018-03-16T15:50:48","guid":{"rendered":"http:\/\/www.sawcc-ccfsa.ca\/EN\/?page_id=2708"},"modified":"2023-09-29T07:54:05","modified_gmt":"2023-09-29T12:54:05","slug":"page-accueil","status":"publish","type":"page","link":"https:\/\/www.sawcc-ccfsa.ca\/FR\/","title":{"rendered":"Homepage"},"content":{"rendered":"\t\t<div data-elementor-type=\"wp-post\" data-elementor-id=\"2708\" class=\"elementor elementor-2708\">\n\t\t\t\t\t\t\t\t\t<section class=\"elementor-section elementor-top-section elementor-element elementor-element-fb1ec22 elementor-section-boxed elementor-section-height-default elementor-section-height-default\" data-id=\"fb1ec22\" data-element_type=\"section\">\n\t\t\t\t\t\t<div class=\"elementor-container elementor-column-gap-default\">\n\t\t\t\t\t<div class=\"elementor-column elementor-col-100 elementor-top-column elementor-element elementor-element-21e25c4\" data-id=\"21e25c4\" data-element_type=\"column\">\n\t\t\t<div class=\"elementor-widget-wrap elementor-element-populated\">\n\t\t\t\t\t\t\t\t<div class=\"elementor-element elementor-element-1f78419 elementor-widget elementor-widget-image\" data-id=\"1f78419\" data-element_type=\"widget\" data-settings=\"{&quot;_animation&quot;:&quot;none&quot;}\" data-widget_type=\"image.default\">\n\t\t\t\t<div class=\"elementor-widget-container\">\n\t\t\t\t\t\t\t\t\t\t\t\t\t\t\t<img loading=\"lazy\" decoding=\"async\" width=\"640\" height=\"361\" src=\"https:\/\/www.sawcc-ccfsa.ca\/FR\/wp-content\/uploads\/2023\/09\/bienvenue_welcome-1024x578.png\" class=\"attachment-large size-large wp-image-5347\" alt=\"\" srcset=\"https:\/\/www.sawcc-ccfsa.ca\/FR\/wp-content\/uploads\/2023\/09\/bienvenue_welcome-1024x578.png 1024w, https:\/\/www.sawcc-ccfsa.ca\/FR\/wp-content\/uploads\/2023\/09\/bienvenue_welcome-300x169.png 300w, https:\/\/www.sawcc-ccfsa.ca\/FR\/wp-content\/uploads\/2023\/09\/bienvenue_welcome-768x433.png 768w, https:\/\/www.sawcc-ccfsa.ca\/FR\/wp-content\/uploads\/2023\/09\/bienvenue_welcome-1536x866.png 1536w, https:\/\/www.sawcc-ccfsa.ca\/FR\/wp-content\/uploads\/2023\/09\/bienvenue_welcome-700x395.png 700w, https:\/\/www.sawcc-ccfsa.ca\/FR\/wp-content\/uploads\/2023\/09\/bienvenue_welcome-520x293.png 520w, https:\/\/www.sawcc-ccfsa.ca\/FR\/wp-content\/uploads\/2023\/09\/bienvenue_welcome-360x203.png 360w, https:\/\/www.sawcc-ccfsa.ca\/FR\/wp-content\/uploads\/2023\/09\/bienvenue_welcome-250x141.png 250w, https:\/\/www.sawcc-ccfsa.ca\/FR\/wp-content\/uploads\/2023\/09\/bienvenue_welcome-100x56.png 100w, https:\/\/www.sawcc-ccfsa.ca\/FR\/wp-content\/uploads\/2023\/09\/bienvenue_welcome.png 1876w\" sizes=\"auto, (max-width: 640px) 100vw, 640px\" \/>\t\t\t\t\t\t\t\t\t\t\t\t\t\t\t<\/div>\n\t\t\t\t<\/div>\n\t\t\t\t\t<\/div>\n\t\t<\/div>\n\t\t\t\t\t\t\t<\/div>\n\t\t<\/section>\n\t\t\t\t<section class=\"elementor-section elementor-top-section elementor-element elementor-element-c54b65c elementor-section-boxed elementor-section-height-default elementor-section-height-default\" data-id=\"c54b65c\" data-element_type=\"section\">\n\t\t\t\t\t\t<div class=\"elementor-container elementor-column-gap-default\">\n\t\t\t\t\t<div class=\"elementor-column elementor-col-100 elementor-top-column elementor-element elementor-element-797a55a\" data-id=\"797a55a\" data-element_type=\"column\">\n\t\t\t<div class=\"elementor-widget-wrap elementor-element-populated\">\n\t\t\t\t\t\t\t\t<div class=\"elementor-element elementor-element-f6a6b09 elementor-widget elementor-widget-spacer\" data-id=\"f6a6b09\" data-element_type=\"widget\" data-widget_type=\"spacer.default\">\n\t\t\t\t<div class=\"elementor-widget-container\">\n\t\t\t\t\t<div class=\"elementor-spacer\">\n\t\t\t<div class=\"elementor-spacer-inner\"><\/div>\n\t\t<\/div>\n\t\t\t\t<\/div>\n\t\t\t\t<\/div>\n\t\t\t\t\t<\/div>\n\t\t<\/div>\n\t\t\t\t\t\t\t<\/div>\n\t\t<\/section>\n\t\t\t\t<section class=\"elementor-section elementor-top-section elementor-element elementor-element-b8e3884 elementor-section-boxed elementor-section-height-default elementor-section-height-default\" data-id=\"b8e3884\" data-element_type=\"section\">\n\t\t\t\t\t\t<div class=\"elementor-container elementor-column-gap-default\">\n\t\t\t\t\t<div class=\"elementor-column elementor-col-100 elementor-top-column elementor-element elementor-element-8e038f3\" data-id=\"8e038f3\" data-element_type=\"column\">\n\t\t\t<div class=\"elementor-widget-wrap elementor-element-populated\">\n\t\t\t\t\t\t\t\t<div class=\"elementor-element elementor-element-a160c32 elementor-invisible elementor-widget elementor-widget-heading\" data-id=\"a160c32\" data-element_type=\"widget\" data-settings=\"{&quot;_animation&quot;:&quot;fadeIn&quot;}\" data-widget_type=\"heading.default\">\n\t\t\t\t<div class=\"elementor-widget-container\">\n\t\t\t<h1 class=\"elementor-heading-title elementor-size-default\">Notre Centre<\/h1>\t\t<\/div>\n\t\t\t\t<\/div>\n\t\t\t\t\t<\/div>\n\t\t<\/div>\n\t\t\t\t\t\t\t<\/div>\n\t\t<\/section>\n\t\t\t\t<section class=\"elementor-section elementor-top-section elementor-element elementor-element-44c3dfd elementor-section-boxed elementor-section-height-default elementor-section-height-default\" data-id=\"44c3dfd\" data-element_type=\"section\">\n\t\t\t\t\t\t<div class=\"elementor-container elementor-column-gap-default\">\n\t\t\t\t\t<div class=\"elementor-column elementor-col-100 elementor-top-column elementor-element elementor-element-ce79ea8\" data-id=\"ce79ea8\" data-element_type=\"column\">\n\t\t\t<div class=\"elementor-widget-wrap elementor-element-populated\">\n\t\t\t\t\t\t\t\t<div class=\"elementor-element elementor-element-6a647c5 elementor-invisible elementor-widget elementor-widget-text-editor\" data-id=\"6a647c5\" data-element_type=\"widget\" data-settings=\"{&quot;_animation&quot;:&quot;fadeIn&quot;}\" data-widget_type=\"text-editor.default\">\n\t\t\t\t<div class=\"elementor-widget-container\">\n\t\t\t\t\t\t\t<p>Le Centre communautaire de femmes sud-asiatiques s\u2019engage \u00e0 aider les femmes d\u2019origine sud-asiatique et leur famille \u00e0 lutter contre la discrimination fond\u00e9e sur les capacit\u00e9s physiques et mentales, la religion, la couleur, la nationalit\u00e9, l\u2019\u00e2ge, l\u2019orientation sexuelle et l\u2019identit\u00e9, la caste et la classe sociale. Nous offrons une vaste gamme de services\u00a0incluant des programmes d\u2019\u00e9tablissement pour les r\u00e9fugi\u00e9es et les nouvelles immigrantes, des cours de langue, des ateliers de sensibilisation au sujet des droits individuels, du soutien pour les survivantes et les victimes de violence et des programmes dans les \u00e9coles secondaires. Il r\u00e8gne dans notre centre un esprit communautaire propice \u00e0 la gu\u00e9rison collective, et nous sommes fi\u00e8res d\u2019organiser une foule d\u2019\u00e9v\u00e9nements communautaires, dont nos repas-partage mensuels et notre pique-nique estival annuel.<\/p><p>Notre travail de d\u00e9veloppement communautaire est \u00e9galement ancr\u00e9 dans l\u2019activisme collectif et l\u2019action sociale, et nous d\u00e9fendons sans rel\u00e2che les changements transformateurs au nom des collectivit\u00e9s marginalis\u00e9es que nous servons et avec lesquelles nous sommes solidaires.\u00a0<\/p>\t\t\t\t\t\t<\/div>\n\t\t\t\t<\/div>\n\t\t\t\t\t<\/div>\n\t\t<\/div>\n\t\t\t\t\t\t\t<\/div>\n\t\t<\/section>\n\t\t\t\t<section class=\"elementor-section elementor-top-section elementor-element elementor-element-cb4f84c elementor-section-boxed elementor-section-height-default elementor-section-height-default\" data-id=\"cb4f84c\" data-element_type=\"section\">\n\t\t\t\t\t\t<div class=\"elementor-container elementor-column-gap-default\">\n\t\t\t\t\t<div class=\"elementor-column elementor-col-100 elementor-top-column elementor-element elementor-element-afcd3e8\" data-id=\"afcd3e8\" data-element_type=\"column\">\n\t\t\t<div class=\"elementor-widget-wrap elementor-element-populated\">\n\t\t\t\t\t\t\t\t<div class=\"elementor-element elementor-element-a533845 elementor-widget-divider--view-line elementor-invisible elementor-widget elementor-widget-divider\" data-id=\"a533845\" data-element_type=\"widget\" data-settings=\"{&quot;_animation&quot;:&quot;fadeIn&quot;}\" data-widget_type=\"divider.default\">\n\t\t\t\t<div class=\"elementor-widget-container\">\n\t\t\t\t\t<div class=\"elementor-divider\">\n\t\t\t<span class=\"elementor-divider-separator\">\n\t\t\t\t\t\t<\/span>\n\t\t<\/div>\n\t\t\t\t<\/div>\n\t\t\t\t<\/div>\n\t\t\t\t\t<\/div>\n\t\t<\/div>\n\t\t\t\t\t\t\t<\/div>\n\t\t<\/section>\n\t\t\t\t<section class=\"elementor-section elementor-top-section elementor-element elementor-element-ab061fc elementor-section-boxed elementor-section-height-default elementor-section-height-default\" data-id=\"ab061fc\" data-element_type=\"section\">\n\t\t\t\t\t\t<div class=\"elementor-container elementor-column-gap-default\">\n\t\t\t\t\t<div class=\"elementor-column elementor-col-100 elementor-top-column elementor-element elementor-element-588fd1d\" data-id=\"588fd1d\" data-element_type=\"column\">\n\t\t\t<div class=\"elementor-widget-wrap elementor-element-populated\">\n\t\t\t\t\t\t\t\t<div class=\"elementor-element elementor-element-b0951b5 elementor-widget elementor-widget-menu-anchor\" data-id=\"b0951b5\" data-element_type=\"widget\" data-widget_type=\"menu-anchor.default\">\n\t\t\t\t<div class=\"elementor-widget-container\">\n\t\t\t\t\t<div id=\"calendrier\" class=\"elementor-menu-anchor\"><\/div>\n\t\t\t\t<\/div>\n\t\t\t\t<\/div>\n\t\t\t\t\t<\/div>\n\t\t<\/div>\n\t\t\t\t\t\t\t<\/div>\n\t\t<\/section>\n\t\t\t\t<section class=\"elementor-section elementor-top-section elementor-element elementor-element-cd13ae1 elementor-section-boxed elementor-section-height-default elementor-section-height-default\" data-id=\"cd13ae1\" data-element_type=\"section\">\n\t\t\t\t\t\t<div class=\"elementor-container elementor-column-gap-default\">\n\t\t\t\t\t<div class=\"elementor-column elementor-col-50 elementor-top-column elementor-element elementor-element-9f20bcb\" data-id=\"9f20bcb\" data-element_type=\"column\">\n\t\t\t<div class=\"elementor-widget-wrap elementor-element-populated\">\n\t\t\t\t\t\t\t\t<div class=\"elementor-element elementor-element-c0c6dd9 elementor-invisible elementor-widget elementor-widget-image\" data-id=\"c0c6dd9\" data-element_type=\"widget\" data-settings=\"{&quot;_animation&quot;:&quot;fadeIn&quot;}\" data-widget_type=\"image.default\">\n\t\t\t\t<div class=\"elementor-widget-container\">\n\t\t\t\t\t\t\t\t\t\t\t\t\t\t\t<img loading=\"lazy\" decoding=\"async\" width=\"640\" height=\"640\" src=\"https:\/\/www.sawcc-ccfsa.ca\/FR\/wp-content\/uploads\/2023\/08\/calendrier2-1024x1024.png\" class=\"attachment-large size-large wp-image-5223\" alt=\"\" srcset=\"https:\/\/www.sawcc-ccfsa.ca\/FR\/wp-content\/uploads\/2023\/08\/calendrier2-1024x1024.png 1024w, https:\/\/www.sawcc-ccfsa.ca\/FR\/wp-content\/uploads\/2023\/08\/calendrier2-300x300.png 300w, https:\/\/www.sawcc-ccfsa.ca\/FR\/wp-content\/uploads\/2023\/08\/calendrier2-150x150.png 150w, https:\/\/www.sawcc-ccfsa.ca\/FR\/wp-content\/uploads\/2023\/08\/calendrier2-768x768.png 768w, https:\/\/www.sawcc-ccfsa.ca\/FR\/wp-content\/uploads\/2023\/08\/calendrier2-700x700.png 700w, https:\/\/www.sawcc-ccfsa.ca\/FR\/wp-content\/uploads\/2023\/08\/calendrier2-520x520.png 520w, https:\/\/www.sawcc-ccfsa.ca\/FR\/wp-content\/uploads\/2023\/08\/calendrier2-360x360.png 360w, https:\/\/www.sawcc-ccfsa.ca\/FR\/wp-content\/uploads\/2023\/08\/calendrier2-250x250.png 250w, https:\/\/www.sawcc-ccfsa.ca\/FR\/wp-content\/uploads\/2023\/08\/calendrier2-100x100.png 100w, https:\/\/www.sawcc-ccfsa.ca\/FR\/wp-content\/uploads\/2023\/08\/calendrier2.png 1080w\" sizes=\"auto, (max-width: 640px) 100vw, 640px\" \/>\t\t\t\t\t\t\t\t\t\t\t\t\t\t\t<\/div>\n\t\t\t\t<\/div>\n\t\t\t\t\t<\/div>\n\t\t<\/div>\n\t\t\t\t<div class=\"elementor-column elementor-col-50 elementor-top-column elementor-element elementor-element-79961e5\" data-id=\"79961e5\" data-element_type=\"column\">\n\t\t\t<div class=\"elementor-widget-wrap elementor-element-populated\">\n\t\t\t\t\t\t\t\t<div class=\"elementor-element elementor-element-eea234e elementor-invisible elementor-widget elementor-widget-text-editor\" data-id=\"eea234e\" data-element_type=\"widget\" data-settings=\"{&quot;_animation&quot;:&quot;fadeIn&quot;}\" data-widget_type=\"text-editor.default\">\n\t\t\t\t<div class=\"elementor-widget-container\">\n\t\t\t\t\t\t\t<h2>Notre calendrier<\/h2><p>Chaque 3 mois, retrouvez notre calendrier d&#8217;activit\u00e9s complet juste ici! Cliquez sur la p\u00e9riode d\u00e9sir\u00e9e pour t\u00e9l\u00e9charger notre calendrier en format PDF.<\/p><p><strong><a href=\"https:\/\/www.sawcc-ccfsa.ca\/FR\/wp-content\/uploads\/2023\/09\/CalendrierOctobreDecembre2023.pdf\">Octobre \u00e0 d\u00e9cembre 2023<\/a><br \/><a href=\"https:\/\/www.sawcc-ccfsa.ca\/EN\/wp-content\/uploads\/2023\/08\/CalendrierActivitesJUILSEPT2023.pdf\" target=\"_blank\" rel=\"noopener\">Juillet \u00e0 septembre 2023<\/a><\/strong><\/p>\t\t\t\t\t\t<\/div>\n\t\t\t\t<\/div>\n\t\t\t\t\t<\/div>\n\t\t<\/div>\n\t\t\t\t\t\t\t<\/div>\n\t\t<\/section>\n\t\t\t\t<section class=\"elementor-section elementor-top-section elementor-element elementor-element-d944f93 elementor-section-boxed elementor-section-height-default elementor-section-height-default\" data-id=\"d944f93\" data-element_type=\"section\">\n\t\t\t\t\t\t<div class=\"elementor-container elementor-column-gap-default\">\n\t\t\t\t\t<div class=\"elementor-column elementor-col-100 elementor-top-column elementor-element elementor-element-5a20a2a\" data-id=\"5a20a2a\" data-element_type=\"column\">\n\t\t\t<div class=\"elementor-widget-wrap elementor-element-populated\">\n\t\t\t\t\t\t\t\t<div class=\"elementor-element elementor-element-c906d69 elementor-widget elementor-widget-spacer\" data-id=\"c906d69\" data-element_type=\"widget\" data-widget_type=\"spacer.default\">\n\t\t\t\t<div class=\"elementor-widget-container\">\n\t\t\t\t\t<div class=\"elementor-spacer\">\n\t\t\t<div class=\"elementor-spacer-inner\"><\/div>\n\t\t<\/div>\n\t\t\t\t<\/div>\n\t\t\t\t<\/div>\n\t\t\t\t\t<\/div>\n\t\t<\/div>\n\t\t\t\t\t\t\t<\/div>\n\t\t<\/section>\n\t\t\t\t<section class=\"elementor-section elementor-top-section elementor-element elementor-element-fbed53b elementor-section-boxed elementor-section-height-default elementor-section-height-default\" data-id=\"fbed53b\" data-element_type=\"section\">\n\t\t\t\t\t\t<div class=\"elementor-container elementor-column-gap-default\">\n\t\t\t\t\t<div class=\"elementor-column elementor-col-100 elementor-top-column elementor-element elementor-element-32cae33\" data-id=\"32cae33\" data-element_type=\"column\">\n\t\t\t<div class=\"elementor-widget-wrap elementor-element-populated\">\n\t\t\t\t\t\t\t\t<div class=\"elementor-element elementor-element-5343ade elementor-invisible elementor-widget elementor-widget-text-editor\" data-id=\"5343ade\" data-element_type=\"widget\" data-settings=\"{&quot;_animation&quot;:&quot;fadeIn&quot;}\" data-widget_type=\"text-editor.default\">\n\t\t\t\t<div class=\"elementor-widget-container\">\n\t\t\t\t\t\t\t<p>Le Centre communautaire des femmes sud-asiatiques (CCFSA) reconna\u00eet que nous vivons sur le territoire des Kanien\u2019keh\u00e1:ka (Mohawks) qui n\u2019a jamais \u00e9t\u00e9 c\u00e9d\u00e9. Nous reconnaissons les profondes injustices, la violence et la douleur qui ont \u00e9t\u00e9 inflig\u00e9es \u2013 et continuent de l\u2019\u00eatre \u2013 aux peuples autochtones (ce qui inclut les diverses appellations des nombreuses nations) sous un colonialisme encore existant. Nous exprimons notre soutien et notre solidarit\u00e9 envers les peuples autochtones de ce territoire dans la d\u00e9fense de leur vie, leurs terres et leurs combats pour vivre dans la dignit\u00e9 et la justice. Nous sommes particuli\u00e8rement solidaires des femmes autochtones. Nous nous engageons \u00e0 manifester cette solidarit\u00e9 de mani\u00e8re tangible.<\/p><p>Nous encourageons les membres de nos communaut\u00e9s \u00e0 visiter <strong><a href=\"https:\/\/www.sawcc-ccfsa.ca\/EN\/wp-content\/uploads\/2023\/08\/CalendrierActivitesJUILSEPT2023.pdf\" target=\"_blank\" rel=\"noopener\">Native Land<\/a><\/strong>\u00a0pour en savoir plus sur le territoire o\u00f9 nous sommes situ\u00e9s.<\/p>\t\t\t\t\t\t<\/div>\n\t\t\t\t<\/div>\n\t\t\t\t\t<\/div>\n\t\t<\/div>\n\t\t\t\t\t\t\t<\/div>\n\t\t<\/section>\n\t\t\t\t<section class=\"elementor-section elementor-top-section elementor-element elementor-element-64f8b8a elementor-section-boxed elementor-section-height-default elementor-section-height-default\" data-id=\"64f8b8a\" data-element_type=\"section\">\n\t\t\t\t\t\t<div class=\"elementor-container elementor-column-gap-default\">\n\t\t\t\t\t<div class=\"elementor-column elementor-col-100 elementor-top-column elementor-element elementor-element-2271bae\" data-id=\"2271bae\" data-element_type=\"column\">\n\t\t\t<div class=\"elementor-widget-wrap elementor-element-populated\">\n\t\t\t\t\t\t\t\t<div class=\"elementor-element elementor-element-c4846d0 elementor-view-default elementor-position-top elementor-mobile-position-top elementor-widget elementor-widget-icon-box\" data-id=\"c4846d0\" data-element_type=\"widget\" data-widget_type=\"icon-box.default\">\n\t\t\t\t<div class=\"elementor-widget-container\">\n\t\t\t\t\t<div class=\"elementor-icon-box-wrapper\">\n\t\t\t\t\t\t<div class=\"elementor-icon-box-icon\">\n\t\t\t\t<a class=\"elementor-icon elementor-animation-\" href=\"https:\/\/www.facebook.com\/sawccccfsa\">\n\t\t\t\t<i aria-hidden=\"true\" class=\"fab fa-facebook-square\"><\/i>\t\t\t\t<\/a>\n\t\t\t<\/div>\n\t\t\t\t\t\t<div class=\"elementor-icon-box-content\">\n\t\t\t\t<h3 class=\"elementor-icon-box-title\">\n\t\t\t\t\t<a href=\"https:\/\/www.facebook.com\/sawccccfsa\" >\n\t\t\t\t\t\tSuivez-nous sur Facebook!\t\t\t\t\t<\/a>\n\t\t\t\t<\/h3>\n\t\t\t\t\t\t\t<\/div>\n\t\t<\/div>\n\t\t\t\t<\/div>\n\t\t\t\t<\/div>\n\t\t\t\t\t<\/div>\n\t\t<\/div>\n\t\t\t\t\t\t\t<\/div>\n\t\t<\/section>\n\t\t\t\t<section class=\"elementor-section elementor-top-section elementor-element elementor-element-afb681f elementor-section-boxed elementor-section-height-default elementor-section-height-default\" data-id=\"afb681f\" data-element_type=\"section\">\n\t\t\t\t\t\t<div class=\"elementor-container elementor-column-gap-default\">\n\t\t\t\t\t<div class=\"elementor-column elementor-col-100 elementor-top-column elementor-element elementor-element-c014bca\" data-id=\"c014bca\" data-element_type=\"column\">\n\t\t\t<div class=\"elementor-widget-wrap elementor-element-populated\">\n\t\t\t\t\t\t\t\t<div class=\"elementor-element elementor-element-f1abbf3 elementor-widget elementor-widget-menu-anchor\" data-id=\"f1abbf3\" data-element_type=\"widget\" data-widget_type=\"menu-anchor.default\">\n\t\t\t\t<div class=\"elementor-widget-container\">\n\t\t\t\t\t<div id=\"calendrier\" class=\"elementor-menu-anchor\"><\/div>\n\t\t\t\t<\/div>\n\t\t\t\t<\/div>\n\t\t\t\t\t<\/div>\n\t\t<\/div>\n\t\t\t\t\t\t\t<\/div>\n\t\t<\/section>\n\t\t\t\t<section class=\"elementor-section elementor-top-section elementor-element elementor-element-948bc50 elementor-section-boxed elementor-section-height-default elementor-section-height-default\" data-id=\"948bc50\" data-element_type=\"section\">\n\t\t\t\t\t\t<div class=\"elementor-container elementor-column-gap-default\">\n\t\t\t\t\t<div class=\"elementor-column elementor-col-100 elementor-top-column elementor-element elementor-element-229805b\" data-id=\"229805b\" data-element_type=\"column\">\n\t\t\t<div class=\"elementor-widget-wrap elementor-element-populated\">\n\t\t\t\t\t\t\t\t<div class=\"elementor-element elementor-element-ac36b83 elementor-widget elementor-widget-menu-anchor\" data-id=\"ac36b83\" data-element_type=\"widget\" data-widget_type=\"menu-anchor.default\">\n\t\t\t\t<div class=\"elementor-widget-container\">\n\t\t\t\t\t<div id=\"calendrier\" class=\"elementor-menu-anchor\"><\/div>\n\t\t\t\t<\/div>\n\t\t\t\t<\/div>\n\t\t\t\t\t<\/div>\n\t\t<\/div>\n\t\t\t\t\t\t\t<\/div>\n\t\t<\/section>\n\t\t\t\t\t\t\t<\/div>\n\t\t","protected":false},"excerpt":{"rendered":"<p>Notre Centre Le Centre communautaire de femmes sud-asiatiques s\u2019engage \u00e0 aider les femmes d\u2019origine sud-asiatique et leur famille \u00e0 lutter contre la discrimination fond\u00e9e sur les capacit\u00e9s physiques et mentales, la religion, la couleur, la nationalit\u00e9, l\u2019\u00e2ge, l\u2019orientation sexuelle et [&hellip;]<\/p>\n","protected":false},"author":1,"featured_media":0,"parent":0,"menu_order":0,"comment_status":"closed","ping_status":"closed","template":"","meta":{"footnotes":""},"class_list":["post-2708","page","type-page","status-publish","hentry","clearfix"],"_links":{"self":[{"href":"https:\/\/www.sawcc-ccfsa.ca\/FR\/wp-json\/wp\/v2\/pages\/2708","targetHints":{"allow":["GET"]}}],"collection":[{"href":"https:\/\/www.sawcc-ccfsa.ca\/FR\/wp-json\/wp\/v2\/pages"}],"about":[{"href":"https:\/\/www.sawcc-ccfsa.ca\/FR\/wp-json\/wp\/v2\/types\/page"}],"author":[{"embeddable":true,"href":"https:\/\/www.sawcc-ccfsa.ca\/FR\/wp-json\/wp\/v2\/users\/1"}],"replies":[{"embeddable":true,"href":"https:\/\/www.sawcc-ccfsa.ca\/FR\/wp-json\/wp\/v2\/comments?post=2708"}],"version-history":[{"count":323,"href":"https:\/\/www.sawcc-ccfsa.ca\/FR\/wp-json\/wp\/v2\/pages\/2708\/revisions"}],"predecessor-version":[{"id":5389,"href":"https:\/\/www.sawcc-ccfsa.ca\/FR\/wp-json\/wp\/v2\/pages\/2708\/revisions\/5389"}],"wp:attachment":[{"href":"https:\/\/www.sawcc-ccfsa.ca\/FR\/wp-json\/wp\/v2\/media?parent=2708"}],"curies":[{"name":"wp","href":"https:\/\/api.w.org\/{rel}","templated":true}]}}